{"id":1465,"date":"2019-02-07T17:50:50","date_gmt":"2019-02-07T16:50:50","guid":{"rendered":"https:\/\/www.virtenio.com\/?page_id=1465"},"modified":"2025-02-05T12:20:18","modified_gmt":"2025-02-05T11:20:18","slug":"forschung-und-entwicklung","status":"publish","type":"page","link":"https:\/\/www.virtenio.com\/de\/ueber-uns\/forschung-und-entwicklung\/","title":{"rendered":"Forschung und Entwicklung"},"content":{"rendered":"<p><div class=\"fusion-bg-parallax\" data-bg-align=\"center center\" data-direction=\"down\" data-mute=\"false\" data-opacity=\"100\" data-velocity=\"-0.3\" data-mobile-enabled=\"false\" data-break_parents=\"0\" data-bg-image=\"https:\/\/www.virtenio.com\/wp-content\/uploads\/2019\/06\/PreonComponents.jpg\" data-bg-repeat=\"false\" ><\/div><div class=\"fusion-fullwidth fullwidth-box fusion-builder-row-1 fusion-parallax-down hundred-percent-fullwidth hundred-percent-height hundred-percent-height-center-content non-hundred-percent-height-scrolling lazyload\" style=\"--awb-border-radius-top-left:0px;--awb-border-radius-top-right:0px;--awb-border-radius-bottom-right:0px;--awb-border-radius-bottom-left:0px;--awb-padding-top:0px;--awb-padding-right:0px;--awb-padding-bottom:0px;--awb-padding-left:0px;--awb-margin-bottom:20px;--awb-background-color:rgba(0,0,0,0);--awb-background-size:cover;--awb-flex-wrap:wrap;\" data-bg=\"https:\/\/www.virtenio.com\/wp-content\/uploads\/2019\/06\/PreonComponents.jpg\" ><div class=\"fusion-fullwidth-center-content\"><div class=\"fusion-builder-row fusion-row\"><div class=\"fusion-layout-column fusion_builder_column fusion-builder-column-0 fusion_builder_column_1_1 1_1 fusion-one-full fusion-column-first fusion-column-last\" style=\"--awb-padding-top:50px;--awb-padding-right:11%;--awb-padding-bottom:30px;--awb-padding-left:11%;--awb-bg-color:rgba(255,255,255,0.75);--awb-bg-color-hover:rgba(255,255,255,0.75);--awb-bg-size:cover;--awb-margin-bottom:0px;\"><div class=\"fusion-column-wrapper fusion-column-has-shadow fusion-flex-column-wrapper-legacy\"><div class=\"fusion-title title fusion-title-1 fusion-sep-none fusion-title-text fusion-title-size-one\"><h1 class=\"fusion-title-heading title-heading-left fusion-responsive-typography-calculated\" style=\"margin:0;--fontSize:30;line-height:1.3;\">Forschung &amp; Entwicklung<\/h1><\/div><div class=\"fusion-sep-clear\"><\/div><div class=\"fusion-separator fusion-clearfix\" style=\"float:left;margin-bottom:20px;width:100%;max-width:100px;\"><div class=\"fusion-separator-border sep-single sep-solid\" style=\"--awb-height:20px;--awb-amount:20px;--awb-sep-color:#03a9f4;border-color:#03a9f4;border-top-width:4px;\"><\/div><\/div><div class=\"fusion-sep-clear\"><\/div><div class=\"fusion-clearfix\"><\/div><\/div><\/div><\/div><\/div><\/div><div class=\"fusion-fullwidth fullwidth-box fusion-builder-row-2 nonhundred-percent-fullwidth non-hundred-percent-height-scrolling\" style=\"--awb-border-radius-top-left:0px;--awb-border-radius-top-right:0px;--awb-border-radius-bottom-right:0px;--awb-border-radius-bottom-left:0px;--awb-padding-top:60px;--awb-flex-wrap:wrap;\" ><div class=\"fusion-builder-row fusion-row\"><div class=\"fusion-layout-column fusion_builder_column fusion-builder-column-1 fusion_builder_column_1_1 1_1 fusion-one-full fusion-column-first fusion-column-last\" style=\"--awb-bg-size:cover;\"><div class=\"fusion-column-wrapper fusion-column-has-shadow fusion-flex-column-wrapper-legacy\"><div class=\"fusion-blog-shortcode fusion-blog-shortcode-1 fusion-blog-archive fusion-blog-layout-medium fusion-blog-infinite\"><div class=\"fusion-posts-container fusion-posts-container-infinite fusion-posts-container-load-more fusion-blog-rollover\" data-pages=\"1\"><article id=\"blog-1-post-2117\" class=\"fusion-post-medium post-2117 post type-post status-publish format-standard has-post-thumbnail hentry category-forschung-und-entwicklung\">\n\t<style type=\"text\/css\">\n\t\t\n\t\t\n\t\t\n\t\t\n\t\t\t<\/style>\n\n\n\t\t\t<div class=\"fusion-flexslider flexslider fusion-flexslider-loading fusion-post-slideshow\" style=\"\">\n\t\t<ul class=\"slides\">\n\t\t\t\n\t\t\t\t\t\t\t\t\t\t\t\t\t\t<li><div  class=\"fusion-image-wrapper fusion-image-size-fixed\" aria-haspopup=\"true\">\n\t\t\t\t<img decoding=\"async\" width=\"320\" height=\"202\" src=\"https:\/\/www.virtenio.com\/wp-content\/uploads\/2016\/02\/draise-320x202.jpg\" class=\"attachment-blog-medium size-blog-medium lazyload wp-post-image\" alt=\"\" srcset=\"data:image\/svg+xml,%3Csvg%20xmlns%3D%27http%3A%2F%2Fwww.w3.org%2F2000%2Fsvg%27%20width%3D%271554%27%20height%3D%271036%27%20viewBox%3D%270%200%201554%201036%27%3E%3Crect%20width%3D%271554%27%20height%3D%271036%27%20fill-opacity%3D%220%22%2F%3E%3C%2Fsvg%3E\" data-orig-src=\"https:\/\/www.virtenio.com\/wp-content\/uploads\/2016\/02\/draise-320x202.jpg\" data-srcset=\"https:\/\/www.virtenio.com\/wp-content\/uploads\/2016\/02\/draise-320x202.jpg 320w, https:\/\/www.virtenio.com\/wp-content\/uploads\/2016\/02\/draise-700x441.jpg 700w\" data-sizes=\"auto\" \/><div class=\"fusion-rollover\">\n\t<div class=\"fusion-rollover-content\">\n\n\t\t\t\t\t\t\t\t\t\t\t\t\t\t<a class=\"fusion-rollover-link\" href=\"https:\/\/www.virtenio.com\/de\/blog\/forschungsprojekt-draise\/\">Drahtlose, robuste, adaptive, industrielle Systeme f\u00fcr Industrie-Automation und Produktionslogistik (DRAISE), BMBF, 2016-2019<\/a>\n\t\t\t\n\t\t\t\t\t\t\t\t\t\t\t\t\t\t\n\t\t\t\t\t\t\t\t\n\t\t\t\t\t\t\t\t\t\t\t\t\t<div class=\"fusion-rollover-sep\"><\/div>\n\t\t\t\t\n\t\t\t\t\t\t\t\t\t\t\t\t\t\t\t\t\t\t<a class=\"fusion-rollover-gallery\" href=\"https:\/\/www.virtenio.com\/wp-content\/uploads\/2016\/02\/draise.jpg\" data-options=\"\" data-id=\"2117\" data-rel=\"iLightbox[gallery]\" data-title=\"draise\" data-caption=\"\">\n\t\t\t\t\t\tGallerie\t\t\t\t\t<\/a>\n\t\t\t\t\t\t\t\t\t\t\t\t\t\t\n\t\t\n\t\t\t\t\t\t\t\t\n\t\t\t\t\t\t\t\t\n\t\t\n\t\t\t\t\t\t<a class=\"fusion-link-wrapper\" href=\"https:\/\/www.virtenio.com\/de\/blog\/forschungsprojekt-draise\/\" aria-label=\"Drahtlose, robuste, adaptive, industrielle Systeme f\u00fcr Industrie-Automation und Produktionslogistik (DRAISE), BMBF, 2016-2019\"><\/a>\n\t<\/div>\n<\/div>\n<\/div>\n<\/li>\n\t\t\t\n\t\t\t\n\t\t\t\t\t\t\t\t\t\t\t\t\t\t\t\t\t\t\t\t\t\t\t\t\t\t\t\t\t\t\t\t\t\t\t\t\t\t\t\t\t\t\t\t\t\t\t\t\t\t\t\t\t\t\t\t\t\t\t\t\t\t\t\t\t\t\t\t<\/ul>\n\t<\/div>\n\t<div class=\"fusion-post-content post-content\"><h2 class=\"blog-shortcode-post-title entry-title\"><a href=\"https:\/\/www.virtenio.com\/de\/blog\/forschungsprojekt-draise\/\">Drahtlose, robuste, adaptive, industrielle Systeme f\u00fcr Industrie-Automation und Produktionslogistik (DRAISE), BMBF, 2016-2019<\/a><\/h2><div class=\"fusion-post-content-container\"><p> Die Automatisierung von Produktionsanlagen in der Industrie schreitet stetig voran. Dabei sind zuverl\u00e4ssige Daten\u00fcbertragungssysteme eine notwendige Voraussetzung: Nur so k\u00f6nnen reibungslose Produktionsabl\u00e4ufe gew\u00e4hrleistet werden.  Das Konsortium verfolgt einen [...]<\/p><\/div><\/div><div class=\"fusion-clearfix\"><\/div><div class=\"fusion-meta-info\"><div class=\"fusion-alignleft\"><span class=\"vcard\" style=\"display: none;\"><span class=\"fn\"><a href=\"https:\/\/www.virtenio.com\/de\/blog\/author\/stefanziegler\/\" title=\"Beitr\u00e4ge von s.z\" rel=\"author\">s.z<\/a><\/span><\/span><span class=\"updated\" style=\"display:none;\">2025-02-05T12:21:58+01:00<\/span><span>Februar 1st, 2016<\/span><span class=\"fusion-inline-sep\">|<\/span><\/div><div class=\"fusion-alignright\"><a class=\"fusion-read-more\" href=\"https:\/\/www.virtenio.com\/de\/blog\/forschungsprojekt-draise\/\" aria-label=\"More on Drahtlose, robuste, adaptive, industrielle Systeme f\u00fcr Industrie-Automation und Produktionslogistik (DRAISE), BMBF, 2016-2019\">Weiterlesen<\/a><\/div><\/div><\/article>\n<article id=\"blog-1-post-2128\" class=\"fusion-post-medium post-2128 post type-post status-publish format-standard has-post-thumbnail hentry category-forschung-und-entwicklung\">\n\t<style type=\"text\/css\">\n\t\t\n\t\t\n\t\t\n\t\t\n\t\t\t<\/style>\n\n\n\t\t\t<div class=\"fusion-flexslider flexslider fusion-flexslider-loading fusion-post-slideshow\" style=\"\">\n\t\t<ul class=\"slides\">\n\t\t\t\n\t\t\t\t\t\t\t\t\t\t\t\t\t\t<li><div  class=\"fusion-image-wrapper fusion-image-size-fixed\" aria-haspopup=\"true\">\n\t\t\t\t<img decoding=\"async\" width=\"300\" height=\"202\" src=\"data:image\/svg+xml,%3Csvg%20xmlns%3D%27http%3A%2F%2Fwww.w3.org%2F2000%2Fsvg%27%20width%3D%27300%27%20height%3D%27406%27%20viewBox%3D%270%200%20300%20406%27%3E%3Crect%20width%3D%27300%27%20height%3D%27406%27%20fill-opacity%3D%220%22%2F%3E%3C%2Fsvg%3E\" class=\"attachment-blog-medium size-blog-medium lazyload wp-post-image\" alt=\"\" data-orig-src=\"https:\/\/www.virtenio.com\/wp-content\/uploads\/2018\/04\/glas-300x202.png\" \/><div class=\"fusion-rollover\">\n\t<div class=\"fusion-rollover-content\">\n\n\t\t\t\t\t\t\t\t\t\t\t\t\t\t<a class=\"fusion-rollover-link\" href=\"https:\/\/www.virtenio.com\/de\/blog\/einsatz-von-messtechnik-zur-erfassung-und-ueberwachung-von-umgebungsparametern-in-museen-und-sammlungen\/\">Einsatz von Messtechnik zur Erfassung und \u00dcberwachung von Umgebungsparametern in Museen und Sammlungen, Berliner Senatsverwaltung und ESF, 2014-2015<\/a>\n\t\t\t\n\t\t\t\t\t\t\t\t\t\t\t\t\t\t\n\t\t\t\t\t\t\t\t\n\t\t\t\t\t\t\t\t\t\t\t\t\t<div class=\"fusion-rollover-sep\"><\/div>\n\t\t\t\t\n\t\t\t\t\t\t\t\t\t\t\t\t\t\t\t\t\t\t<a class=\"fusion-rollover-gallery\" href=\"https:\/\/www.virtenio.com\/wp-content\/uploads\/2018\/04\/glas.png\" data-options=\"\" data-id=\"2128\" data-rel=\"iLightbox[gallery]\" data-title=\"glas\" data-caption=\"\">\n\t\t\t\t\t\tGallerie\t\t\t\t\t<\/a>\n\t\t\t\t\t\t\t\t\t\t\t\t\t\t\n\t\t\n\t\t\t\t\t\t\t\t\n\t\t\t\t\t\t\t\t\n\t\t\n\t\t\t\t\t\t<a class=\"fusion-link-wrapper\" href=\"https:\/\/www.virtenio.com\/de\/blog\/einsatz-von-messtechnik-zur-erfassung-und-ueberwachung-von-umgebungsparametern-in-museen-und-sammlungen\/\" aria-label=\"Einsatz von Messtechnik zur Erfassung und \u00dcberwachung von Umgebungsparametern in Museen und Sammlungen, Berliner Senatsverwaltung und ESF, 2014-2015\"><\/a>\n\t<\/div>\n<\/div>\n<\/div>\n<\/li>\n\t\t\t\n\t\t\t\n\t\t\t\t\t\t\t\t\t\t\t\t\t\t\t\t\t\t\t\t\t\t\t\t\t\t\t\t\t\t\t\t\t\t\t\t\t\t\t\t\t\t\t\t\t\t\t\t\t\t\t\t\t\t\t\t\t\t\t\t\t\t\t\t\t\t\t\t<\/ul>\n\t<\/div>\n\t<div class=\"fusion-post-content post-content\"><h2 class=\"blog-shortcode-post-title entry-title\"><a href=\"https:\/\/www.virtenio.com\/de\/blog\/einsatz-von-messtechnik-zur-erfassung-und-ueberwachung-von-umgebungsparametern-in-museen-und-sammlungen\/\">Einsatz von Messtechnik zur Erfassung und \u00dcberwachung von Umgebungsparametern in Museen und Sammlungen, Berliner Senatsverwaltung und ESF, 2014-2015<\/a><\/h2><div class=\"fusion-post-content-container\"><p> Das gemeinsame Praxis-Projekt mit der Hochschule f\u00fcr Technik und Wirtschaft Berlin (HTW) behandelt die Erfassung und \u00dcberwachung von Umgebungsparametern in Museen und musealen Sammlungen. Das aktuelle Thema fokussiert auf [...]<\/p><\/div><\/div><div class=\"fusion-clearfix\"><\/div><div class=\"fusion-meta-info\"><div class=\"fusion-alignleft\"><span class=\"vcard\" style=\"display: none;\"><span class=\"fn\"><a href=\"https:\/\/www.virtenio.com\/de\/blog\/author\/stefanziegler\/\" title=\"Beitr\u00e4ge von s.z\" rel=\"author\">s.z<\/a><\/span><\/span><span class=\"updated\" style=\"display:none;\">2025-02-05T12:23:38+01:00<\/span><span>Juni 1st, 2013<\/span><span class=\"fusion-inline-sep\">|<\/span><\/div><div class=\"fusion-alignright\"><a class=\"fusion-read-more\" href=\"https:\/\/www.virtenio.com\/de\/blog\/einsatz-von-messtechnik-zur-erfassung-und-ueberwachung-von-umgebungsparametern-in-museen-und-sammlungen\/\" aria-label=\"More on Einsatz von Messtechnik zur Erfassung und \u00dcberwachung von Umgebungsparametern in Museen und Sammlungen, Berliner Senatsverwaltung und ESF, 2014-2015\">Weiterlesen<\/a><\/div><\/div><\/article>\n<article id=\"blog-1-post-2138\" class=\"fusion-post-medium post-2138 post type-post status-publish format-standard has-post-thumbnail hentry category-forschung-und-entwicklung\">\n\t<style type=\"text\/css\">\n\t\t\n\t\t\n\t\t\n\t\t\n\t\t\t<\/style>\n\n\n\t\t\t<div class=\"fusion-flexslider flexslider fusion-flexslider-loading fusion-post-slideshow\" style=\"\">\n\t\t<ul class=\"slides\">\n\t\t\t\n\t\t\t\t\t\t\t\t\t\t\t\t\t\t<li><div  class=\"fusion-image-wrapper fusion-image-size-fixed\" aria-haspopup=\"true\">\n\t\t\t\t<img decoding=\"async\" width=\"320\" height=\"202\" src=\"data:image\/svg+xml,%3Csvg%20xmlns%3D%27http%3A%2F%2Fwww.w3.org%2F2000%2Fsvg%27%20width%3D%27640%27%20height%3D%27427%27%20viewBox%3D%270%200%20640%20427%27%3E%3Crect%20width%3D%27640%27%20height%3D%27427%27%20fill-opacity%3D%220%22%2F%3E%3C%2Fsvg%3E\" class=\"attachment-blog-medium size-blog-medium lazyload wp-post-image\" alt=\"\" data-orig-src=\"https:\/\/www.virtenio.com\/wp-content\/uploads\/2012\/02\/IMG_9710_640x427-320x202.jpg\" \/><div class=\"fusion-rollover\">\n\t<div class=\"fusion-rollover-content\">\n\n\t\t\t\t\t\t\t\t\t\t\t\t\t\t<a class=\"fusion-rollover-link\" href=\"https:\/\/www.virtenio.com\/de\/blog\/forschungsprojekt-ifub\/\">Intelligente Funkbasierte Bew\u00e4sserung (IFuB), BMEL, 2012-2015<\/a>\n\t\t\t\n\t\t\t\t\t\t\t\t\t\t\t\t\t\t\n\t\t\t\t\t\t\t\t\n\t\t\t\t\t\t\t\t\t\t\t\t\t<div class=\"fusion-rollover-sep\"><\/div>\n\t\t\t\t\n\t\t\t\t\t\t\t\t\t\t\t\t\t\t\t\t\t\t<a class=\"fusion-rollover-gallery\" href=\"https:\/\/www.virtenio.com\/wp-content\/uploads\/2012\/02\/IMG_9710_640x427.jpg\" data-options=\"\" data-id=\"2138\" data-rel=\"iLightbox[gallery]\" data-title=\"IMG_9710_(640x427)\" data-caption=\"\">\n\t\t\t\t\t\tGallerie\t\t\t\t\t<\/a>\n\t\t\t\t\t\t\t\t\t\t\t\t\t\t\n\t\t\n\t\t\t\t\t\t\t\t\n\t\t\t\t\t\t\t\t\n\t\t\n\t\t\t\t\t\t<a class=\"fusion-link-wrapper\" href=\"https:\/\/www.virtenio.com\/de\/blog\/forschungsprojekt-ifub\/\" aria-label=\"Intelligente Funkbasierte Bew\u00e4sserung (IFuB), BMEL, 2012-2015\"><\/a>\n\t<\/div>\n<\/div>\n<\/div>\n<\/li>\n\t\t\t\n\t\t\t\n\t\t\t\t\t\t\t\t\t\t\t\t\t\t\t\t\t\t\t\t\t\t\t\t\t\t\t\t\t\t\t\t\t\t\t\t\t\t\t\t\t\t\t\t\t\t\t\t\t\t\t\t\t\t\t\t\t\t\t\t\t\t\t\t\t\t\t\t<\/ul>\n\t<\/div>\n\t<div class=\"fusion-post-content post-content\"><h2 class=\"blog-shortcode-post-title entry-title\"><a href=\"https:\/\/www.virtenio.com\/de\/blog\/forschungsprojekt-ifub\/\">Intelligente Funkbasierte Bew\u00e4sserung (IFuB), BMEL, 2012-2015<\/a><\/h2><div class=\"fusion-post-content-container\"><p> Forschung &amp; Entwicklung      \u00dcberblick Das Projekt \u201eIntelligente Funkbasierte Bew\u00e4sserung\u201c (IFuB) hatte das Ziel, ein intelligentes, flexibles und autonomes Bew\u00e4sserungssystem zu entwickeln. Dieses System sollte [...]<\/p><\/div><\/div><div class=\"fusion-clearfix\"><\/div><div class=\"fusion-meta-info\"><div class=\"fusion-alignleft\"><span class=\"vcard\" style=\"display: none;\"><span class=\"fn\"><a href=\"https:\/\/www.virtenio.com\/de\/blog\/author\/stefanziegler\/\" title=\"Beitr\u00e4ge von s.z\" rel=\"author\">s.z<\/a><\/span><\/span><span class=\"updated\" style=\"display:none;\">2025-03-10T10:35:36+01:00<\/span><span>Februar 1st, 2012<\/span><span class=\"fusion-inline-sep\">|<\/span><\/div><div class=\"fusion-alignright\"><a class=\"fusion-read-more\" href=\"https:\/\/www.virtenio.com\/de\/blog\/forschungsprojekt-ifub\/\" aria-label=\"More on Intelligente Funkbasierte Bew\u00e4sserung (IFuB), BMEL, 2012-2015\">Weiterlesen<\/a><\/div><\/div><\/article>\n<article id=\"blog-1-post-2144\" class=\"fusion-post-medium post-2144 post type-post status-publish format-standard has-post-thumbnail hentry category-forschung-und-entwicklung\">\n\t<style type=\"text\/css\">\n\t\t\n\t\t\n\t\t\n\t\t\n\t\t\t<\/style>\n\n\n\t\t\t<div class=\"fusion-flexslider flexslider fusion-flexslider-loading fusion-post-slideshow\" style=\"\">\n\t\t<ul class=\"slides\">\n\t\t\t\n\t\t\t\t\t\t\t\t\t\t\t\t\t\t<li><div  class=\"fusion-image-wrapper fusion-image-size-fixed\" aria-haspopup=\"true\">\n\t\t\t\t<img decoding=\"async\" width=\"320\" height=\"202\" src=\"https:\/\/www.virtenio.com\/wp-content\/uploads\/2012\/01\/GESA_Logo_Text-320x202.png\" class=\"attachment-blog-medium size-blog-medium lazyload wp-post-image\" alt=\"\" srcset=\"data:image\/svg+xml,%3Csvg%20xmlns%3D%27http%3A%2F%2Fwww.w3.org%2F2000%2Fsvg%27%20width%3D%27808%27%20height%3D%27505%27%20viewBox%3D%270%200%20808%20505%27%3E%3Crect%20width%3D%27808%27%20height%3D%27505%27%20fill-opacity%3D%220%22%2F%3E%3C%2Fsvg%3E\" data-orig-src=\"https:\/\/www.virtenio.com\/wp-content\/uploads\/2012\/01\/GESA_Logo_Text-320x202.png\" data-srcset=\"https:\/\/www.virtenio.com\/wp-content\/uploads\/2012\/01\/GESA_Logo_Text-200x125.png 200w, https:\/\/www.virtenio.com\/wp-content\/uploads\/2012\/01\/GESA_Logo_Text-300x188.png 300w, https:\/\/www.virtenio.com\/wp-content\/uploads\/2012\/01\/GESA_Logo_Text-320x202.png 320w, https:\/\/www.virtenio.com\/wp-content\/uploads\/2012\/01\/GESA_Logo_Text-700x441.png 700w\" data-sizes=\"auto\" \/><div class=\"fusion-rollover\">\n\t<div class=\"fusion-rollover-content\">\n\n\t\t\t\t\t\t\t\t\t\t\t\t\t\t<a class=\"fusion-rollover-link\" href=\"https:\/\/www.virtenio.com\/de\/blog\/kooperationsprojekt-gesa\/\">Netzwerk GESA &#8211; ganzheitliche energieeffiziente Sanierung von Altbauten, BMWi, 2012-2014<\/a>\n\t\t\t\n\t\t\t\t\t\t\t\t\t\t\t\t\t\t\n\t\t\t\t\t\t\t\t\n\t\t\t\t\t\t\t\t\t\t\t\t\t<div class=\"fusion-rollover-sep\"><\/div>\n\t\t\t\t\n\t\t\t\t\t\t\t\t\t\t\t\t\t\t\t\t\t\t<a class=\"fusion-rollover-gallery\" href=\"https:\/\/www.virtenio.com\/wp-content\/uploads\/2012\/01\/GESA_Logo_Text.png\" data-options=\"\" data-id=\"2144\" data-rel=\"iLightbox[gallery]\" data-title=\"GESA_Logo_Text\" data-caption=\"\">\n\t\t\t\t\t\tGallerie\t\t\t\t\t<\/a>\n\t\t\t\t\t\t\t\t\t\t\t\t\t\t\n\t\t\n\t\t\t\t\t\t\t\t\n\t\t\t\t\t\t\t\t\n\t\t\n\t\t\t\t\t\t<a class=\"fusion-link-wrapper\" href=\"https:\/\/www.virtenio.com\/de\/blog\/kooperationsprojekt-gesa\/\" aria-label=\"Netzwerk GESA &#8211; ganzheitliche energieeffiziente Sanierung von Altbauten, BMWi, 2012-2014\"><\/a>\n\t<\/div>\n<\/div>\n<\/div>\n<\/li>\n\t\t\t\n\t\t\t\n\t\t\t\t\t\t\t\t\t\t\t\t\t\t\t\t\t\t\t\t\t\t\t\t\t\t\t\t\t\t\t\t\t\t\t\t\t\t\t\t\t\t\t\t\t\t\t\t\t\t\t\t\t\t\t\t\t\t\t\t\t\t\t\t\t\t\t\t<\/ul>\n\t<\/div>\n\t<div class=\"fusion-post-content post-content\"><h2 class=\"blog-shortcode-post-title entry-title\"><a href=\"https:\/\/www.virtenio.com\/de\/blog\/kooperationsprojekt-gesa\/\">Netzwerk GESA &#8211; ganzheitliche energieeffiziente Sanierung von Altbauten, BMWi, 2012-2014<\/a><\/h2><div class=\"fusion-post-content-container\"><p> Im Rahmen des ZIM-NEMO-Programms des Projekttr\u00e4gers VDI\/VDE\/IT ist das GESA-Netzwerk zur ganzheitlichen energieeffizienten Altbausanierung aus mittelst\u00e4ndischen Unternehmen und Forschungseinrichtungen entstanden. Eine steigende Anzahl von Unternehmen aus der Bau- und [...]<\/p><\/div><\/div><div class=\"fusion-clearfix\"><\/div><div class=\"fusion-meta-info\"><div class=\"fusion-alignleft\"><span class=\"vcard\" style=\"display: none;\"><span class=\"fn\"><a href=\"https:\/\/www.virtenio.com\/de\/blog\/author\/stefanziegler\/\" title=\"Beitr\u00e4ge von s.z\" rel=\"author\">s.z<\/a><\/span><\/span><span class=\"updated\" style=\"display:none;\">2025-02-05T12:40:16+01:00<\/span><span>Januar 1st, 2012<\/span><span class=\"fusion-inline-sep\">|<\/span><\/div><div class=\"fusion-alignright\"><a class=\"fusion-read-more\" href=\"https:\/\/www.virtenio.com\/de\/blog\/kooperationsprojekt-gesa\/\" aria-label=\"More on Netzwerk GESA &#8211; ganzheitliche energieeffiziente Sanierung von Altbauten, BMWi, 2012-2014\">Weiterlesen<\/a><\/div><\/div><\/article>\n<article id=\"blog-1-post-2185\" class=\"fusion-post-medium post-2185 post type-post status-publish format-standard has-post-thumbnail hentry category-forschung-und-entwicklung\">\n\t<style type=\"text\/css\">\n\t\t\n\t\t\n\t\t\n\t\t\n\t\t\t<\/style>\n\n\n\t\t\t<div class=\"fusion-flexslider flexslider fusion-flexslider-loading fusion-post-slideshow\" style=\"\">\n\t\t<ul class=\"slides\">\n\t\t\t\n\t\t\t\t\t\t\t\t\t\t\t\t\t\t<li><div  class=\"fusion-image-wrapper fusion-image-size-fixed\" aria-haspopup=\"true\">\n\t\t\t\t<img decoding=\"async\" width=\"320\" height=\"202\" src=\"https:\/\/www.virtenio.com\/wp-content\/uploads\/2010\/06\/icon_logo-1-320x202.png\" class=\"attachment-blog-medium size-blog-medium lazyload wp-post-image\" alt=\"\" srcset=\"data:image\/svg+xml,%3Csvg%20xmlns%3D%27http%3A%2F%2Fwww.w3.org%2F2000%2Fsvg%27%20width%3D%27840%27%20height%3D%27596%27%20viewBox%3D%270%200%20840%20596%27%3E%3Crect%20width%3D%27840%27%20height%3D%27596%27%20fill-opacity%3D%220%22%2F%3E%3C%2Fsvg%3E\" data-orig-src=\"https:\/\/www.virtenio.com\/wp-content\/uploads\/2010\/06\/icon_logo-1-320x202.png\" data-srcset=\"https:\/\/www.virtenio.com\/wp-content\/uploads\/2010\/06\/icon_logo-1-320x202.png 320w, https:\/\/www.virtenio.com\/wp-content\/uploads\/2010\/06\/icon_logo-1-700x441.png 700w\" data-sizes=\"auto\" \/><div class=\"fusion-rollover\">\n\t<div class=\"fusion-rollover-content\">\n\n\t\t\t\t\t\t\t\t\t\t\t\t\t\t<a class=\"fusion-rollover-link\" href=\"https:\/\/www.virtenio.com\/de\/blog\/forschungsprojekt-icon\/\">Der Intelligente Container &#8211; Vernetzte intelligente Objekte in der Logistik (ICON), BMBF, 2010-2013<\/a>\n\t\t\t\n\t\t\t\t\t\t\t\t\t\t\t\t\t\t\n\t\t\t\t\t\t\t\t\n\t\t\t\t\t\t\t\t\t\t\t\t\t<div class=\"fusion-rollover-sep\"><\/div>\n\t\t\t\t\n\t\t\t\t\t\t\t\t\t\t\t\t\t\t\t\t\t\t<a class=\"fusion-rollover-gallery\" href=\"https:\/\/www.virtenio.com\/wp-content\/uploads\/2010\/06\/icon_logo-1.png\" data-options=\"\" data-id=\"2185\" data-rel=\"iLightbox[gallery]\" data-title=\"icon_logo\" data-caption=\"\">\n\t\t\t\t\t\tGallerie\t\t\t\t\t<\/a>\n\t\t\t\t\t\t\t\t\t\t\t\t\t\t\n\t\t\n\t\t\t\t\t\t\t\t\n\t\t\t\t\t\t\t\t\n\t\t\n\t\t\t\t\t\t<a class=\"fusion-link-wrapper\" href=\"https:\/\/www.virtenio.com\/de\/blog\/forschungsprojekt-icon\/\" aria-label=\"Der Intelligente Container &#8211; Vernetzte intelligente Objekte in der Logistik (ICON), BMBF, 2010-2013\"><\/a>\n\t<\/div>\n<\/div>\n<\/div>\n<\/li>\n\t\t\t\n\t\t\t\n\t\t\t\t\t\t\t\t\t\t\t\t\t\t\t\t\t\t\t\t\t\t\t\t\t\t\t\t\t\t\t\t\t\t\t\t\t\t\t\t\t\t\t\t\t\t\t\t\t\t\t\t\t\t\t\t\t\t\t\t\t\t\t\t\t\t\t\t<\/ul>\n\t<\/div>\n\t<div class=\"fusion-post-content post-content\"><h2 class=\"blog-shortcode-post-title entry-title\"><a href=\"https:\/\/www.virtenio.com\/de\/blog\/forschungsprojekt-icon\/\">Der Intelligente Container &#8211; Vernetzte intelligente Objekte in der Logistik (ICON), BMBF, 2010-2013<\/a><\/h2><div class=\"fusion-post-content-container\"><p> Die Virtenio GmbH beteiligt sich aktiv am Verbundprojekt im Bereich der Container-Logistik beim Bundesministerium f\u00fcr Bildung und Forschung (BMBF). Virtenio wird seine langj\u00e4hrigen Erfahrungen im Bereich der Sensorik und [...]<\/p><\/div><\/div><div class=\"fusion-clearfix\"><\/div><div class=\"fusion-meta-info\"><div class=\"fusion-alignleft\"><span class=\"vcard\" style=\"display: none;\"><span class=\"fn\"><a href=\"https:\/\/www.virtenio.com\/de\/blog\/author\/stefanziegler\/\" title=\"Beitr\u00e4ge von s.z\" rel=\"author\">s.z<\/a><\/span><\/span><span class=\"updated\" style=\"display:none;\">2025-02-05T13:39:54+01:00<\/span><span>Juni 1st, 2010<\/span><span class=\"fusion-inline-sep\">|<\/span><\/div><div class=\"fusion-alignright\"><a class=\"fusion-read-more\" href=\"https:\/\/www.virtenio.com\/de\/blog\/forschungsprojekt-icon\/\" aria-label=\"More on Der Intelligente Container &#8211; Vernetzte intelligente Objekte in der Logistik (ICON), BMBF, 2010-2013\">Weiterlesen<\/a><\/div><\/div><\/article>\n<\/div><\/div><div class=\"fusion-clearfix\"><\/div><\/div><\/div><\/div><\/div><\/p>\n","protected":false},"excerpt":{"rendered":"","protected":false},"author":4,"featured_media":0,"parent":35,"menu_order":4,"comment_status":"closed","ping_status":"closed","template":"100-width.php","meta":{"footnotes":""},"class_list":["post-1465","page","type-page","status-publish","hentry"],"_links":{"self":[{"href":"https:\/\/www.virtenio.com\/de\/wp-json\/wp\/v2\/pages\/1465","targetHints":{"allow":["GET"]}}],"collection":[{"href":"https:\/\/www.virtenio.com\/de\/wp-json\/wp\/v2\/pages"}],"about":[{"href":"https:\/\/www.virtenio.com\/de\/wp-json\/wp\/v2\/types\/page"}],"author":[{"embeddable":true,"href":"https:\/\/www.virtenio.com\/de\/wp-json\/wp\/v2\/users\/4"}],"replies":[{"embeddable":true,"href":"https:\/\/www.virtenio.com\/de\/wp-json\/wp\/v2\/comments?post=1465"}],"version-history":[{"count":25,"href":"https:\/\/www.virtenio.com\/de\/wp-json\/wp\/v2\/pages\/1465\/revisions"}],"predecessor-version":[{"id":12972,"href":"https:\/\/www.virtenio.com\/de\/wp-json\/wp\/v2\/pages\/1465\/revisions\/12972"}],"up":[{"embeddable":true,"href":"https:\/\/www.virtenio.com\/de\/wp-json\/wp\/v2\/pages\/35"}],"wp:attachment":[{"href":"https:\/\/www.virtenio.com\/de\/wp-json\/wp\/v2\/media?parent=1465"}],"curies":[{"name":"wp","href":"https:\/\/api.w.org\/{rel}","templated":true}]}}