{"id":1562,"date":"2019-02-11T09:44:26","date_gmt":"2019-02-11T08:44:26","guid":{"rendered":"https:\/\/www.virtenio.com\/?page_id=1562"},"modified":"2026-02-13T10:39:49","modified_gmt":"2026-02-13T09:39:49","slug":"impressum","status":"publish","type":"page","link":"https:\/\/www.virtenio.com\/de\/impressum\/","title":{"rendered":"Impressum"},"content":{"rendered":"<div class=\"fusion-fullwidth fullwidth-box fusion-builder-row-1 nonhundred-percent-fullwidth non-hundred-percent-height-scrolling\" style=\"--awb-border-radius-top-left:0px;--awb-border-radius-top-right:0px;--awb-border-radius-bottom-right:0px;--awb-border-radius-bottom-left:0px;--awb-flex-wrap:wrap;\" ><div class=\"fusion-builder-row fusion-row\"><div class=\"fusion-layout-column fusion_builder_column fusion-builder-column-0 fusion_builder_column_1_1 1_1 fusion-one-full fusion-column-first fusion-column-last\" style=\"--awb-padding-top:50px;--awb-padding-bottom:30px;--awb-bg-color:rgba(255,255,255,0.6);--awb-bg-color-hover:rgba(255,255,255,0.6);--awb-bg-blend:overlay;--awb-bg-size:cover;\"><div class=\"fusion-column-wrapper fusion-flex-column-wrapper-legacy\"><div class=\"fusion-title title fusion-title-1 fusion-sep-none fusion-title-text fusion-title-size-one\"><h1 class=\"fusion-title-heading title-heading-left fusion-responsive-typography-calculated\" style=\"margin:0;--fontSize:30;line-height:1.3;\">Impressum<\/h1><\/div><div class=\"fusion-sep-clear\"><\/div><div class=\"fusion-separator fusion-clearfix\" style=\"float:left;margin-bottom:20px;width:100%;max-width:100px;\"><div class=\"fusion-separator-border sep-single sep-solid\" style=\"--awb-height:20px;--awb-amount:20px;--awb-sep-color:#03a9f4;border-color:#03a9f4;border-top-width:4px;\"><\/div><\/div><div class=\"fusion-sep-clear\"><\/div><div class=\"fusion-text fusion-text-1\"><p><strong>Virtenio GmbH<\/strong><br \/>\nKurf\u00fcrstendamm 96<br \/>\n10709 Berlin<br \/>\nDeutschland<\/p>\n<p>www.virtenio.com<\/p>\n<p>Handelsregister: HRB 127916 B<br \/>\nRegistergericht: Amtsgericht Berlin Charlottenburg<\/p>\n<p>Umsatzsteuer-Identifikationsnummer gem. \u00a7 27a UStG: DE272357387<\/p>\n<p><strong>Vertretungsberechtiger Gesch\u00e4ftsf\u00fchrer:<br \/>\n<\/strong>Dr. Henri Kretschmer<\/p>\n<p><strong>Kontakt:<br \/>\n<\/strong>E-Mail: <img decoding=\"async\" class=\"lazyload alignnone size-full wp-image-1564\" src=\"data:image\/svg+xml,%3Csvg%20xmlns%3D%27http%3A%2F%2Fwww.w3.org%2F2000%2Fsvg%27%20width%3D%27127%27%20height%3D%2718%27%20viewBox%3D%270%200%20127%2018%27%3E%3Crect%20width%3D%27127%27%20height%3D%2718%27%20fill-opacity%3D%220%22%2F%3E%3C%2Fsvg%3E\" data-orig-src=\"https:\/\/www.virtenio.com\/wp-content\/uploads\/2019\/02\/infoatvirtenio.png\" alt=\"\" width=\"127\" height=\"18\"><br \/>\nTelefon: +49 30 577 088 520<br \/>\nFax: +49 30 577 088 529<\/p>\n<p><strong>Inhaltlich Verantwortlicher gem. \u00a7 18 Abs. 2 MStV:<\/strong><br \/>\nDr. Henri Kretschmer (Anschrift und Kontakt s.o.)<\/p>\n<p><strong>Haftungshinweis:<\/strong><\/p>\n<p>Trotz sorgf\u00e4ltiger inhaltlicher Kontrolle \u00fcbernehmen wir keine Haftung f\u00fcr die Inhalte externer Links. F\u00fcr den Inhalt der verlinkten Seiten sind ausschlie\u00dflich deren Betreiber verantwortlich. Alle Rechte vorbehalten. Jegliche Vervielf\u00e4ltigung oder Weiterverbreitung in jedem Medium als Ganzes oder in Teilen bedarf der schriftlichen Zustimmung der Virtenio GmbH.<\/p>\n<\/div><div class=\"fusion-clearfix\"><\/div><\/div><\/div><div class=\"fusion-layout-column fusion_builder_column fusion-builder-column-1 fusion_builder_column_1_1 1_1 fusion-one-full fusion-column-first fusion-column-last\" style=\"--awb-bg-blend:overlay;--awb-bg-size:cover;\"><div class=\"fusion-column-wrapper fusion-flex-column-wrapper-legacy\"><div class=\"fusion-clearfix\"><\/div><\/div><\/div><\/div><\/div>\n","protected":false},"excerpt":{"rendered":"","protected":false},"author":4,"featured_media":0,"parent":0,"menu_order":29,"comment_status":"closed","ping_status":"closed","template":"","meta":{"footnotes":""},"class_list":["post-1562","page","type-page","status-publish","hentry"],"_links":{"self":[{"href":"https:\/\/www.virtenio.com\/de\/wp-json\/wp\/v2\/pages\/1562","targetHints":{"allow":["GET"]}}],"collection":[{"href":"https:\/\/www.virtenio.com\/de\/wp-json\/wp\/v2\/pages"}],"about":[{"href":"https:\/\/www.virtenio.com\/de\/wp-json\/wp\/v2\/types\/page"}],"author":[{"embeddable":true,"href":"https:\/\/www.virtenio.com\/de\/wp-json\/wp\/v2\/users\/4"}],"replies":[{"embeddable":true,"href":"https:\/\/www.virtenio.com\/de\/wp-json\/wp\/v2\/comments?post=1562"}],"version-history":[{"count":33,"href":"https:\/\/www.virtenio.com\/de\/wp-json\/wp\/v2\/pages\/1562\/revisions"}],"predecessor-version":[{"id":13046,"href":"https:\/\/www.virtenio.com\/de\/wp-json\/wp\/v2\/pages\/1562\/revisions\/13046"}],"wp:attachment":[{"href":"https:\/\/www.virtenio.com\/de\/wp-json\/wp\/v2\/media?parent=1562"}],"curies":[{"name":"wp","href":"https:\/\/api.w.org\/{rel}","templated":true}]}}