{"id":35,"date":"2018-04-16T16:48:57","date_gmt":"2018-04-16T14:48:57","guid":{"rendered":"https:\/\/www.virtenio.com\/?page_id=35"},"modified":"2026-03-12T11:34:57","modified_gmt":"2026-03-12T10:34:57","slug":"ueber-uns","status":"publish","type":"page","link":"https:\/\/www.virtenio.com\/de\/ueber-uns\/","title":{"rendered":"\u00dcber uns"},"content":{"rendered":"<p><div class=\"fusion-fullwidth fullwidth-box fusion-builder-row-1 nonhundred-percent-fullwidth non-hundred-percent-height-scrolling\" style=\"--awb-border-radius-top-left:0px;--awb-border-radius-top-right:0px;--awb-border-radius-bottom-right:0px;--awb-border-radius-bottom-left:0px;--awb-flex-wrap:wrap;\" ><div class=\"fusion-builder-row fusion-row\"><div class=\"fusion-layout-column fusion_builder_column fusion-builder-column-0 fusion_builder_column_1_1 1_1 fusion-one-full fusion-column-first fusion-column-last\" style=\"--awb-bg-blend:overlay;--awb-bg-size:cover;\"><div class=\"fusion-column-wrapper fusion-flex-column-wrapper-legacy\"><div class=\"fusion-title title fusion-title-1 fusion-sep-none fusion-title-text fusion-title-size-one\"><h1 class=\"fusion-title-heading title-heading-left fusion-responsive-typography-calculated\" style=\"margin:0;--fontSize:30;line-height:1.3;\">Das Unternehmen<\/h1><\/div><div class=\"fusion-sep-clear\"><\/div><div class=\"fusion-separator fusion-clearfix\" style=\"float:left;width:100%;max-width:100px;\"><div class=\"fusion-separator-border sep-single sep-solid\" style=\"--awb-height:20px;--awb-amount:20px;--awb-sep-color:#03a9f4;border-color:#03a9f4;border-top-width:3px;\"><\/div><\/div><div class=\"fusion-sep-clear\"><\/div><div class=\"fusion-clearfix\"><\/div><\/div><\/div><div class=\"fusion-layout-column fusion_builder_column fusion-builder-column-1 fusion_builder_column_2_3 2_3 fusion-two-third fusion-column-first\" style=\"--awb-bg-blend:overlay;--awb-bg-size:cover;width:66.666666666667%;width:calc(66.666666666667% - ( ( 4% ) * 0.66666666666667 ) );margin-right: 4%;\"><div class=\"fusion-column-wrapper fusion-flex-column-wrapper-legacy\"><div class=\"fusion-text fusion-text-1\" style=\"--awb-text-transform:none;\"><p>Die VIRTENIO GmbH ist eine 2010 entstandene Ausgr\u00fcndung aus der Technischen Universit\u00e4t Berlin. Das Unternehmen besch\u00e4ftigt sich seit der Gr\u00fcndung mit Produkten und L\u00f6sungen rund um die Themen Internet of Thing, Industrie 4.0 bzw. Smart Solutions. Das interdisziplin\u00e4re Team profitiert von einer breiten Kompetenz im Bereich der Informatik, der\u00a0 Elektrotechnik, der Sensorik und des Business Developments. Die L\u00f6sungen setzen sich aus innovativen und praxisorientierten Hard- und Softwareanteilen zusammen.<\/p>\n<\/div><div class=\"fusion-text fusion-text-2\"><div class=\"text\">Seit seiner Gr\u00fcndung hat die VIRTENIO GmbH ihren Firmensitz in Berlin. Die direkte N\u00e4he des Offices zum Zentrum Berlins sind Vorteile f\u00fcr das Scaleup-Unternehmen. Dar\u00fcber hinaus ist die Startup-Metropole Berlin politisch sowie wirtschaftlich attraktiv, erzielt eine hohe Aufmerksamkeit und gilt als kreativer und technischer Schmelztiegel f\u00fcr innovative Unternehmen in Deutschland.<\/div>\n<\/div><div class=\"fusion-clearfix\"><\/div><\/div><\/div><div class=\"fusion-layout-column fusion_builder_column fusion-builder-column-2 fusion_builder_column_1_3 1_3 fusion-one-third fusion-column-last\" style=\"--awb-bg-size:cover;width:33.333333333333%;width:calc(33.333333333333% - ( ( 4% ) * 0.33333333333333 ) );\" data-scroll-devices=\"small-visibility,medium-visibility,large-visibility\"><div class=\"fusion-column-wrapper fusion-column-has-shadow fusion-flex-column-wrapper-legacy\"><div class=\"fusion-column-content-centered\"><div class=\"fusion-column-content\"><div class=\"fusion-image-element fusion-image-align-center in-legacy-container\" style=\"text-align:center;--awb-liftup-border-radius:0px;--awb-caption-title-font-family:var(--h2_typography-font-family);--awb-caption-title-font-weight:var(--h2_typography-font-weight);--awb-caption-title-font-style:var(--h2_typography-font-style);--awb-caption-title-size:var(--h2_typography-font-size);--awb-caption-title-transform:var(--h2_typography-text-transform);--awb-caption-title-line-height:var(--h2_typography-line-height);--awb-caption-title-letter-spacing:var(--h2_typography-letter-spacing);\"><div class=\"imageframe-align-center\"><div class=\"awb-image-frame awb-image-frame-1 imageframe-liftup\"><span class=\" fusion-imageframe imageframe-none imageframe-1\"><img decoding=\"async\" width=\"600\" height=\"600\" title=\"Virtenio_Standort_Kuhdamm\" src=\"https:\/\/www.virtenio.com\/wp-content\/uploads\/2026\/03\/Virtenio_Standort_Kuhdamm.jpg\" data-orig-src=\"https:\/\/www.virtenio.com\/wp-content\/uploads\/2026\/03\/Virtenio_Standort_Kuhdamm-600x600.jpg\" alt class=\"lazyload img-responsive wp-image-13059\" srcset=\"data:image\/svg+xml,%3Csvg%20xmlns%3D%27http%3A%2F%2Fwww.w3.org%2F2000%2Fsvg%27%20width%3D%271000%27%20height%3D%271000%27%20viewBox%3D%270%200%201000%201000%27%3E%3Crect%20width%3D%271000%27%20height%3D%271000%27%20fill-opacity%3D%220%22%2F%3E%3C%2Fsvg%3E\" data-srcset=\"https:\/\/www.virtenio.com\/wp-content\/uploads\/2026\/03\/Virtenio_Standort_Kuhdamm-200x200.jpg 200w, https:\/\/www.virtenio.com\/wp-content\/uploads\/2026\/03\/Virtenio_Standort_Kuhdamm-400x400.jpg 400w, https:\/\/www.virtenio.com\/wp-content\/uploads\/2026\/03\/Virtenio_Standort_Kuhdamm-600x600.jpg 600w, https:\/\/www.virtenio.com\/wp-content\/uploads\/2026\/03\/Virtenio_Standort_Kuhdamm-800x800.jpg 800w, https:\/\/www.virtenio.com\/wp-content\/uploads\/2026\/03\/Virtenio_Standort_Kuhdamm.jpg 1000w\" data-sizes=\"auto\" data-orig-sizes=\"(max-width: 960px) 100vw, 400px\" \/><\/span><\/div><\/div><\/div><\/div><\/div><div class=\"fusion-clearfix\"><\/div><\/div><\/div><\/div><\/div><div class=\"fusion-fullwidth fullwidth-box fusion-builder-row-2 nonhundred-percent-fullwidth non-hundred-percent-height-scrolling\" style=\"--awb-border-sizes-top:0px;--awb-border-sizes-bottom:0px;--awb-border-sizes-left:0px;--awb-border-sizes-right:0px;--awb-border-color:#03a9f4;--awb-border-radius-top-left:0px;--awb-border-radius-top-right:0px;--awb-border-radius-bottom-right:0px;--awb-border-radius-bottom-left:0px;--awb-margin-top:30px;--awb-margin-bottom:50px;--awb-flex-wrap:wrap;\" ><div class=\"fusion-builder-row fusion-row\"><div class=\"fusion-layout-column fusion_builder_column fusion-builder-column-3 fusion_builder_column_1_1 1_1 fusion-one-full fusion-column-first fusion-column-last\" style=\"--awb-bg-blend:overlay;--awb-bg-size:cover;\"><div class=\"fusion-column-wrapper fusion-flex-column-wrapper-legacy\"><div class=\"fusion-title title fusion-title-2 fusion-sep-none fusion-title-text fusion-title-size-two\"><h2 class=\"fusion-title-heading title-heading-left fusion-responsive-typography-calculated\" style=\"margin:0;--fontSize:24;line-height:1.3;\">Bekannt aus:<\/h2><\/div><div class=\"fusion-sep-clear\"><\/div><div class=\"fusion-separator fusion-clearfix\" style=\"float:left;margin-bottom:50px;width:100%;max-width:100px;\"><div class=\"fusion-separator-border sep-single sep-solid\" style=\"--awb-height:20px;--awb-amount:20px;--awb-sep-color:#03a9f4;border-color:#03a9f4;border-top-width:4px;\"><\/div><\/div><div class=\"fusion-sep-clear\"><\/div><div class=\"fusion-image-element in-legacy-container\" style=\"--awb-caption-title-font-family:var(--h2_typography-font-family);--awb-caption-title-font-weight:var(--h2_typography-font-weight);--awb-caption-title-font-style:var(--h2_typography-font-style);--awb-caption-title-size:var(--h2_typography-font-size);--awb-caption-title-transform:var(--h2_typography-text-transform);--awb-caption-title-line-height:var(--h2_typography-line-height);--awb-caption-title-letter-spacing:var(--h2_typography-letter-spacing);\"><span class=\" fusion-imageframe imageframe-none imageframe-2 hover-type-none\"><img decoding=\"async\" width=\"1200\" height=\"117\" title=\"Logo_leiste_medien_sw_lq\" src=\"https:\/\/www.virtenio.com\/wp-content\/uploads\/2019\/09\/Logo_leiste_medien_sw_lq.png\" data-orig-src=\"https:\/\/www.virtenio.com\/wp-content\/uploads\/2019\/09\/Logo_leiste_medien_sw_lq.png\" alt class=\"lazyload img-responsive wp-image-5287\" srcset=\"data:image\/svg+xml,%3Csvg%20xmlns%3D%27http%3A%2F%2Fwww.w3.org%2F2000%2Fsvg%27%20width%3D%271200%27%20height%3D%27117%27%20viewBox%3D%270%200%201200%20117%27%3E%3Crect%20width%3D%271200%27%20height%3D%27117%27%20fill-opacity%3D%220%22%2F%3E%3C%2Fsvg%3E\" data-srcset=\"https:\/\/www.virtenio.com\/wp-content\/uploads\/2019\/09\/Logo_leiste_medien_sw_lq-200x20.png 200w, https:\/\/www.virtenio.com\/wp-content\/uploads\/2019\/09\/Logo_leiste_medien_sw_lq-400x39.png 400w, https:\/\/www.virtenio.com\/wp-content\/uploads\/2019\/09\/Logo_leiste_medien_sw_lq-600x59.png 600w, https:\/\/www.virtenio.com\/wp-content\/uploads\/2019\/09\/Logo_leiste_medien_sw_lq-800x78.png 800w, https:\/\/www.virtenio.com\/wp-content\/uploads\/2019\/09\/Logo_leiste_medien_sw_lq.png 1200w\" data-sizes=\"auto\" data-orig-sizes=\"(max-width: 960px) 100vw, 1200px\" \/><\/span><\/div><div class=\"fusion-clearfix\"><\/div><\/div><\/div><\/div><\/div><\/p>\n","protected":false},"excerpt":{"rendered":"<p>\u00dcber die Virtenio GmbH. Auf dieser Seite wird die Virtenio GmbH dargestellt.<\/p>\n","protected":false},"author":4,"featured_media":0,"parent":0,"menu_order":23,"comment_status":"closed","ping_status":"closed","template":"","meta":{"footnotes":""},"class_list":["post-35","page","type-page","status-publish","hentry"],"_links":{"self":[{"href":"https:\/\/www.virtenio.com\/de\/wp-json\/wp\/v2\/pages\/35","targetHints":{"allow":["GET"]}}],"collection":[{"href":"https:\/\/www.virtenio.com\/de\/wp-json\/wp\/v2\/pages"}],"about":[{"href":"https:\/\/www.virtenio.com\/de\/wp-json\/wp\/v2\/types\/page"}],"author":[{"embeddable":true,"href":"https:\/\/www.virtenio.com\/de\/wp-json\/wp\/v2\/users\/4"}],"replies":[{"embeddable":true,"href":"https:\/\/www.virtenio.com\/de\/wp-json\/wp\/v2\/comments?post=35"}],"version-history":[{"count":138,"href":"https:\/\/www.virtenio.com\/de\/wp-json\/wp\/v2\/pages\/35\/revisions"}],"predecessor-version":[{"id":13065,"href":"https:\/\/www.virtenio.com\/de\/wp-json\/wp\/v2\/pages\/35\/revisions\/13065"}],"wp:attachment":[{"href":"https:\/\/www.virtenio.com\/de\/wp-json\/wp\/v2\/media?parent=35"}],"curies":[{"name":"wp","href":"https:\/\/api.w.org\/{rel}","templated":true}]}}