{"id":9648,"date":"2023-06-05T13:58:43","date_gmt":"2023-06-05T11:58:43","guid":{"rendered":"https:\/\/www.virtenio.com\/?page_id=9648"},"modified":"2024-03-13T23:40:48","modified_gmt":"2024-03-13T22:40:48","slug":"unsere-kunden","status":"publish","type":"page","link":"https:\/\/www.virtenio.com\/de\/unsere-kunden\/","title":{"rendered":"Unsere Kunden"},"content":{"rendered":"<div class=\"fusion-fullwidth fullwidth-box fusion-builder-row-1 nonhundred-percent-fullwidth non-hundred-percent-height-scrolling\" style=\"--awb-border-radius-top-left:0px;--awb-border-radius-top-right:0px;--awb-border-radius-bottom-right:0px;--awb-border-radius-bottom-left:0px;--awb-flex-wrap:wrap;\" ><div class=\"fusion-builder-row fusion-row\"><div class=\"fusion-layout-column fusion_builder_column fusion-builder-column-0 fusion_builder_column_1_1 1_1 fusion-one-full fusion-column-first fusion-column-last\" style=\"--awb-bg-size:cover;\"><div class=\"fusion-column-wrapper fusion-flex-column-wrapper-legacy\"><div class=\"fusion-title title fusion-title-1 fusion-sep-none fusion-title-text fusion-title-size-one\"><h1 class=\"fusion-title-heading title-heading-left fusion-responsive-typography-calculated\" style=\"margin:0;--fontSize:30;line-height:1.3;\">Unsere Kunden<\/h1><\/div><div class=\"fusion-sep-clear\"><\/div><div class=\"fusion-separator fusion-clearfix\" style=\"float:left;width:100%;max-width:100px;\"><div class=\"fusion-separator-border sep-single sep-solid\" style=\"--awb-height:20px;--awb-amount:20px;--awb-sep-color:#03a9f4;border-color:#03a9f4;border-top-width:3px;\"><\/div><\/div><div class=\"fusion-sep-clear\"><\/div><div class=\"fusion-sep-clear\"><\/div><div class=\"fusion-separator fusion-full-width-sep\" style=\"margin-left: auto;margin-right: auto;margin-top:20px;width:100%;\"><\/div><div class=\"fusion-sep-clear\"><\/div><div class=\"fusion-text fusion-text-1\" style=\"--awb-content-alignment:justify;--awb-text-transform:none;\"><p>Viele unserer Kunden entscheiden sich f\u00fcr die Ampeln von VIRTENIO, weil Sie eine einfache Handhabung, gute Sichtbarkeit der Ger\u00e4te und innovative Funktionen ben\u00f6tigen. Dabei vertrauen Sie auf die besten und innovativsten Raumluft-Ampeln, die es auf dem Markt gibt! Wir sind stolz und motiviert, jeden Tag unser Bestes f\u00fcr unsere Kunden zu geben. Vor allem m\u00f6chten wir jedoch sagen: <strong>Vielen Dank f\u00fcr dieses Vertrauen und Ihre tollen R\u00fcckmeldungen!<\/strong><\/p>\n<\/div><a id=\"firmen\"><\/a><div class=\"fusion-sep-clear\"><\/div><div class=\"fusion-separator fusion-full-width-sep\" style=\"margin-left: auto;margin-right: auto;margin-top:20px;width:100%;\"><\/div><div class=\"fusion-sep-clear\"><\/div><h3>Kundenauswahl:<\/h3><div class=\"fusion-image-element in-legacy-container\" style=\"--awb-caption-title-font-family:var(--h2_typography-font-family);--awb-caption-title-font-weight:var(--h2_typography-font-weight);--awb-caption-title-font-style:var(--h2_typography-font-style);--awb-caption-title-size:var(--h2_typography-font-size);--awb-caption-title-transform:var(--h2_typography-text-transform);--awb-caption-title-line-height:var(--h2_typography-line-height);--awb-caption-title-letter-spacing:var(--h2_typography-letter-spacing);\"><span class=\" fusion-imageframe imageframe-none imageframe-1 hover-type-none\"><img decoding=\"async\" width=\"1900\" height=\"1000\" alt=\"Kundenauswahl VIRTENIO\" title=\"Virtenio Kundenauswahl\" src=\"https:\/\/www.virtenio.com\/wp-content\/uploads\/2023\/06\/Virtenio_Kunden_Auswahl_2023.jpg\" data-orig-src=\"https:\/\/www.virtenio.com\/wp-content\/uploads\/2023\/06\/Virtenio_Kunden_Auswahl_2023.jpg\" class=\"lazyload img-responsive wp-image-9651\" srcset=\"data:image\/svg+xml,%3Csvg%20xmlns%3D%27http%3A%2F%2Fwww.w3.org%2F2000%2Fsvg%27%20width%3D%271900%27%20height%3D%271000%27%20viewBox%3D%270%200%201900%201000%27%3E%3Crect%20width%3D%271900%27%20height%3D%271000%27%20fill-opacity%3D%220%22%2F%3E%3C%2Fsvg%3E\" data-srcset=\"https:\/\/www.virtenio.com\/wp-content\/uploads\/2023\/06\/Virtenio_Kunden_Auswahl_2023-200x105.jpg 200w, https:\/\/www.virtenio.com\/wp-content\/uploads\/2023\/06\/Virtenio_Kunden_Auswahl_2023-400x211.jpg 400w, https:\/\/www.virtenio.com\/wp-content\/uploads\/2023\/06\/Virtenio_Kunden_Auswahl_2023-600x316.jpg 600w, https:\/\/www.virtenio.com\/wp-content\/uploads\/2023\/06\/Virtenio_Kunden_Auswahl_2023-800x421.jpg 800w, https:\/\/www.virtenio.com\/wp-content\/uploads\/2023\/06\/Virtenio_Kunden_Auswahl_2023-1200x632.jpg 1200w, https:\/\/www.virtenio.com\/wp-content\/uploads\/2023\/06\/Virtenio_Kunden_Auswahl_2023.jpg 1900w\" data-sizes=\"auto\" data-orig-sizes=\"(max-width: 960px) 100vw, 1900px\" \/><\/span><\/div><a id=\"branchen\"><\/a><div class=\"fusion-sep-clear\"><\/div><div class=\"fusion-separator fusion-full-width-sep\" style=\"margin-left: auto;margin-right: auto;margin-top:75px;width:100%;\"><\/div><div class=\"fusion-sep-clear\"><\/div><h3>Kundenbranchen:<\/h3><div class=\"fusion-flip-boxes flip-boxes row fusion-columns-4 flip-effect-classic equal-heights\" style=\"--awb-flip-duration:1.0s;\"><div class=\"fusion-flip-box-wrapper fusion-column col-lg-3 col-md-3 col-sm-3\"><div class=\"fusion-flip-box flip-left\" tabindex=\"0\"><div class=\"flip-box-inner-wrapper\"><div class=\"flip-box-front\" style=\"--awb-icon-color:var(--awb-custom10);--awb-circle-color:var(--awb-color1);--awb-background-color-front:#003778;--awb-title-front-color:var(--awb-color1);--awb-text-front-color:var(--awb-color1);\"><div class=\"flip-box-front-inner\"><div class=\"flip-box-grafix flip-box-circle\"><i aria-hidden=\"true\" class=\"fa-industry fas\"><\/i><\/div><h4 class=\"flip-box-heading without-text\">Industrieunternehmen<\/h4><\/div><\/div><div class=\"flip-box-back\" style=\"--awb-icon-color:var(--awb-custom10);--awb-circle-color:var(--awb-color1);--awb-background-color-back:var(--awb-custom10);--awb-title-back-color:var(--awb-color1);--awb-text-back-color:var(--awb-color1);\"><div class=\"flip-box-back-inner\">\n<p><span data-sheets-formula-bar-text-style=\"font-size:13px;color:#000000;font-weight:normal;text-decoration:none;font-family:'Arial';font-style:normal;text-decoration-skip-ink:none;\">Unternehmen aus dem industriellen Bereich nutzen die Ampeln in B\u00fcros, Gro\u00dfraumb\u00fcros und Besprechnungsr\u00e4umen. Neben dem Thema Arbeitsschutz ist auch das Thema Komfort von Bedeutung.<\/span><\/p>\n<\/div><\/div><\/div><\/div><\/div><div class=\"fusion-flip-box-wrapper fusion-column col-lg-3 col-md-3 col-sm-3\"><div class=\"fusion-flip-box flip-left\" tabindex=\"0\"><div class=\"flip-box-inner-wrapper\"><div class=\"flip-box-front\" style=\"--awb-icon-color:var(--awb-custom10);--awb-circle-color:var(--awb-color1);--awb-background-color-front:#003778;--awb-title-front-color:var(--awb-color1);--awb-text-front-color:var(--awb-color1);\"><div class=\"flip-box-front-inner\"><div class=\"flip-box-grafix flip-box-circle\"><i aria-hidden=\"true\" class=\"fa-user fas\"><\/i><\/div><h4 class=\"flip-box-heading without-text\">Konsumenten<\/h4><\/div><\/div><div class=\"flip-box-back\" style=\"--awb-icon-color:var(--awb-custom10);--awb-circle-color:var(--awb-color1);--awb-background-color-back:var(--awb-custom10);--awb-title-back-color:var(--awb-color1);--awb-text-back-color:var(--awb-color1);\"><div class=\"flip-box-back-inner\">\n<p><span data-sheets-formula-bar-text-style=\"font-size:13px;color:#000000;font-weight:normal;text-decoration:none;font-family:'Arial';font-style:normal;text-decoration-skip-ink:none;\">Privatpersonen erwerben die Ampeln wegen ihres gro\u00dfen Funktionsumfangs, der individuellen Einstellbarkeit der Ger\u00e4te und der hohen Produktqualit\u00e4t.<\/span><\/p>\n<\/div><\/div><\/div><\/div><\/div><div class=\"fusion-flip-box-wrapper fusion-column col-lg-3 col-md-3 col-sm-3\"><div class=\"fusion-flip-box flip-left\" tabindex=\"0\"><div class=\"flip-box-inner-wrapper\"><div class=\"flip-box-front\" style=\"--awb-icon-color:var(--awb-custom10);--awb-circle-color:var(--awb-color1);--awb-background-color-front:#003778;--awb-title-front-color:var(--awb-color1);--awb-text-front-color:var(--awb-color1);\"><div class=\"flip-box-front-inner\"><div class=\"flip-box-grafix flip-box-circle\"><i aria-hidden=\"true\" class=\"fa-building fas\"><\/i><\/div><h4 class=\"flip-box-heading without-text\">\u00d6ffentliche Institutionen<\/h4><\/div><\/div><div class=\"flip-box-back\" style=\"--awb-icon-color:var(--awb-custom10);--awb-circle-color:var(--awb-color1);--awb-background-color-back:var(--awb-custom10);--awb-title-back-color:var(--awb-color1);--awb-text-back-color:var(--awb-color1);\"><div class=\"flip-box-back-inner\">\n<p><span data-sheets-formula-bar-text-style=\"font-size:13px;color:#000000;font-weight:normal;text-decoration:none;font-family:'Arial';font-style:normal;text-decoration-skip-ink:none;\">In \u00f6ffentlichen Institutionen und Organisationen sind die gute Sichtbarkeit, die einfache Handhabung und die klare Verst\u00e4ndlichkeit der Ger\u00e4te wichtige Merkmale.<\/span><\/p>\n<\/div><\/div><\/div><\/div><\/div><div class=\"fusion-flip-box-wrapper fusion-column col-lg-3 col-md-3 col-sm-3\"><div class=\"fusion-flip-box flip-left\" tabindex=\"0\"><div class=\"flip-box-inner-wrapper\"><div class=\"flip-box-front\" style=\"--awb-icon-color:var(--awb-custom10);--awb-circle-color:var(--awb-color1);--awb-background-color-front:#003778;--awb-title-front-color:var(--awb-color1);--awb-text-front-color:var(--awb-color1);\"><div class=\"flip-box-front-inner\"><div class=\"flip-box-grafix flip-box-circle\"><i aria-hidden=\"true\" class=\"fa-school fas\"><\/i><\/div><h4 class=\"flip-box-heading without-text\">Schulen &amp; Kitas<\/h4><\/div><\/div><div class=\"flip-box-back\" style=\"--awb-icon-color:var(--awb-custom10);--awb-circle-color:var(--awb-color1);--awb-background-color-back:var(--awb-custom10);--awb-title-back-color:var(--awb-color1);--awb-text-back-color:var(--awb-color1);\"><div class=\"flip-box-back-inner\">\n<p><span data-sheets-formula-bar-text-style=\"font-size:13px;color:#000000;font-weight:normal;text-decoration:none;font-family:'Arial';font-style:normal;text-decoration-skip-ink:none;\">Schulen und Kinderg\u00e4rten nutzen die Ampeln gerne auf Grund der guten Sichtbarkeit, der Barrierefreiheit und der intuitiven Deutung der LED-Elemente.<\/span><\/p>\n<\/div><\/div><\/div><\/div><\/div><div class=\"fusion-flip-box-wrapper fusion-column col-lg-3 col-md-3 col-sm-3\"><div class=\"fusion-flip-box flip-left\" tabindex=\"0\"><div class=\"flip-box-inner-wrapper\"><div class=\"flip-box-front\" style=\"--awb-icon-color:var(--awb-custom10);--awb-circle-color:var(--awb-color1);--awb-background-color-front:#003778;--awb-title-front-color:var(--awb-color1);--awb-text-front-color:var(--awb-color1);\"><div class=\"flip-box-front-inner\"><div class=\"flip-box-grafix flip-box-circle\"><i aria-hidden=\"true\" class=\"fa-landmark fas\"><\/i><\/div><h4 class=\"flip-box-heading without-text\">Bundesbeh\u00f6rden<\/h4><\/div><\/div><div class=\"flip-box-back\" style=\"--awb-icon-color:var(--awb-custom10);--awb-circle-color:var(--awb-color1);--awb-background-color-back:var(--awb-custom10);--awb-title-back-color:var(--awb-color1);--awb-text-back-color:var(--awb-color1);\"><div class=\"flip-box-back-inner\">\n<p><span data-sheets-formula-bar-text-style=\"font-size:13px;color:#000000;font-weight:normal;text-decoration:none;font-family:'Arial';font-style:normal;text-decoration-skip-ink:none;\">Bundesbeh\u00f6rden sch\u00e4tzen die Verf\u00fcgbarkeit der Ger\u00e4te, die Abwicklungsqualit\u00e4t des Versands, die Preis-Leistungs-Relation der Ampeln sowie das &#8222;VIRTENIO &#8211; Made in Germany&#8220;.<\/span><\/p>\n<\/div><\/div><\/div><\/div><\/div><div class=\"fusion-flip-box-wrapper fusion-column col-lg-3 col-md-3 col-sm-3\"><div class=\"fusion-flip-box flip-left\" tabindex=\"0\"><div class=\"flip-box-inner-wrapper\"><div class=\"flip-box-front\" style=\"--awb-icon-color:var(--awb-custom10);--awb-circle-color:var(--awb-color1);--awb-background-color-front:#003778;--awb-title-front-color:var(--awb-color1);--awb-text-front-color:var(--awb-color1);\"><div class=\"flip-box-front-inner\"><div class=\"flip-box-grafix flip-box-circle\"><i aria-hidden=\"true\" class=\"fa-theater-masks fas\"><\/i><\/div><h4 class=\"flip-box-heading without-text\">Kultur &amp; Kunst<\/h4><\/div><\/div><div class=\"flip-box-back\" style=\"--awb-icon-color:var(--awb-custom10);--awb-circle-color:var(--awb-color1);--awb-background-color-back:var(--awb-custom10);--awb-title-back-color:var(--awb-color1);--awb-text-back-color:var(--awb-color1);\"><div class=\"flip-box-back-inner\">\n<p><span data-sheets-formula-bar-text-style=\"font-size:13px;color:#000000;font-weight:normal;text-decoration:none;font-family:'Arial';font-style:normal;text-decoration-skip-ink:none;\">F\u00fcr Kunst- und Kulturorganisationen sind die Ampeln n\u00fctzliche Helfer um leicht verst\u00e4ndliche Hinweise zur Raumluft f\u00fcr Besucher und Aktive zu geben.<\/span><\/p>\n<\/div><\/div><\/div><\/div><\/div><div class=\"fusion-flip-box-wrapper fusion-column col-lg-3 col-md-3 col-sm-3\"><div class=\"fusion-flip-box flip-left\" tabindex=\"0\"><div class=\"flip-box-inner-wrapper\"><div class=\"flip-box-front\" style=\"--awb-icon-color:var(--awb-custom10);--awb-circle-color:var(--awb-color1);--awb-background-color-front:#003778;--awb-title-front-color:var(--awb-color1);--awb-text-front-color:var(--awb-color1);\"><div class=\"flip-box-front-inner\"><div class=\"flip-box-grafix flip-box-circle\"><i aria-hidden=\"true\" class=\"fa-procedures fas\"><\/i><\/div><h4 class=\"flip-box-heading without-text\">Pflege &amp; Gesundheit<\/h4><\/div><\/div><div class=\"flip-box-back\" style=\"--awb-icon-color:var(--awb-custom10);--awb-circle-color:var(--awb-color1);--awb-background-color-back:var(--awb-custom10);--awb-title-back-color:var(--awb-color1);--awb-text-back-color:var(--awb-color1);\"><div class=\"flip-box-back-inner\">\n<p><span data-sheets-formula-bar-text-style=\"font-size:13px;color:#000000;font-weight:normal;text-decoration:none;font-family:'Arial';font-style:normal;text-decoration-skip-ink:none;\">In Pflege- und Gesundheitsbereichen sind unsere Ampeln auf Grund der besonderen Sichtbarkeit, der individuellen Einstellbarkeit &amp; der Bedeutung von Hygienema\u00dfnahmen stark nachgefragt.<\/span><\/p>\n<\/div><\/div><\/div><\/div><\/div><div class=\"fusion-flip-box-wrapper fusion-column col-lg-3 col-md-3 col-sm-3\"><div class=\"fusion-flip-box flip-left\" tabindex=\"0\"><div class=\"flip-box-inner-wrapper\"><div class=\"flip-box-front\" style=\"--awb-icon-color:var(--awb-custom10);--awb-circle-color:var(--awb-color1);--awb-background-color-front:#003778;--awb-title-front-color:var(--awb-color1);--awb-text-front-color:var(--awb-color1);\"><div class=\"flip-box-front-inner\"><div class=\"flip-box-grafix flip-box-circle\"><i aria-hidden=\"true\" class=\"fa-graduation-cap fas\"><\/i><\/div><h4 class=\"flip-box-heading without-text\">Unis &amp; Hochschulen<\/h4><\/div><\/div><div class=\"flip-box-back\" style=\"--awb-icon-color:var(--awb-custom10);--awb-circle-color:var(--awb-color1);--awb-background-color-back:var(--awb-custom10);--awb-title-back-color:var(--awb-color1);--awb-text-back-color:var(--awb-color1);\"><div class=\"flip-box-back-inner\">\n<p><span data-sheets-formula-bar-text-style=\"font-size:13px;color:#000000;font-weight:normal;text-decoration:none;font-family:'Arial';font-style:normal;text-decoration-skip-ink:none;\">In Universit\u00e4ten und Hochschulen sind die Ampeln auf Grund der Gr\u00f6\u00dfe und der digitalen Features wie App- und Cloud-Funktionen beliebt.<\/span><\/p>\n<\/div><\/div><\/div><\/div><\/div><\/div><div class=\"clearfix\"><\/div><div class=\"fusion-clearfix\"><\/div><\/div><\/div><\/div><\/div>\n","protected":false},"excerpt":{"rendered":"","protected":false},"author":5,"featured_media":9651,"parent":0,"menu_order":0,"comment_status":"closed","ping_status":"closed","template":"","meta":{"footnotes":""},"class_list":["post-9648","page","type-page","status-publish","has-post-thumbnail","hentry"],"_links":{"self":[{"href":"https:\/\/www.virtenio.com\/de\/wp-json\/wp\/v2\/pages\/9648","targetHints":{"allow":["GET"]}}],"collection":[{"href":"https:\/\/www.virtenio.com\/de\/wp-json\/wp\/v2\/pages"}],"about":[{"href":"https:\/\/www.virtenio.com\/de\/wp-json\/wp\/v2\/types\/page"}],"author":[{"embeddable":true,"href":"https:\/\/www.virtenio.com\/de\/wp-json\/wp\/v2\/users\/5"}],"replies":[{"embeddable":true,"href":"https:\/\/www.virtenio.com\/de\/wp-json\/wp\/v2\/comments?post=9648"}],"version-history":[{"count":26,"href":"https:\/\/www.virtenio.com\/de\/wp-json\/wp\/v2\/pages\/9648\/revisions"}],"predecessor-version":[{"id":12764,"href":"https:\/\/www.virtenio.com\/de\/wp-json\/wp\/v2\/pages\/9648\/revisions\/12764"}],"wp:featuredmedia":[{"embeddable":true,"href":"https:\/\/www.virtenio.com\/de\/wp-json\/wp\/v2\/media\/9651"}],"wp:attachment":[{"href":"https:\/\/www.virtenio.com\/de\/wp-json\/wp\/v2\/media?parent=9648"}],"curies":[{"name":"wp","href":"https:\/\/api.w.org\/{rel}","templated":true}]}}